{"id":83,"date":"2019-12-03T05:45:03","date_gmt":"2019-12-03T05:45:03","guid":{"rendered":"https:\/\/x-theme.net\/avas-lawyer\/?page_id=83"},"modified":"2023-08-06T15:24:44","modified_gmt":"2023-08-06T15:24:44","slug":"areas","status":"publish","type":"page","link":"https:\/\/rodriguesfaria.adv.br\/novo\/areas\/","title":{"rendered":"\u00c1reas de Atua\u00e7\u00e3o"},"content":{"rendered":"","protected":false},"excerpt":{"rendered":"<p class=\"tx-excerpt\"><\/p>","protected":false},"author":1,"featured_media":0,"parent":0,"menu_order":0,"comment_status":"closed","ping_status":"closed","template":"templates\/services.php","meta":{"om_disable_all_campaigns":false,"_monsterinsights_skip_tracking":false,"_monsterinsights_sitenote_active":false,"_monsterinsights_sitenote_note":"","_monsterinsights_sitenote_category":0,"footnotes":""},"class_list":["post-83","page","type-page","status-publish","hentry"],"aioseo_notices":[],"_links":{"self":[{"href":"https:\/\/rodriguesfaria.adv.br\/novo\/wp-json\/wp\/v2\/pages\/83","targetHints":{"allow":["GET"]}}],"collection":[{"href":"https:\/\/rodriguesfaria.adv.br\/novo\/wp-json\/wp\/v2\/pages"}],"about":[{"href":"https:\/\/rodriguesfaria.adv.br\/novo\/wp-json\/wp\/v2\/types\/page"}],"author":[{"embeddable":true,"href":"https:\/\/rodriguesfaria.adv.br\/novo\/wp-json\/wp\/v2\/users\/1"}],"replies":[{"embeddable":true,"href":"https:\/\/rodriguesfaria.adv.br\/novo\/wp-json\/wp\/v2\/comments?post=83"}],"version-history":[{"count":1,"href":"https:\/\/rodriguesfaria.adv.br\/novo\/wp-json\/wp\/v2\/pages\/83\/revisions"}],"predecessor-version":[{"id":1418,"href":"https:\/\/rodriguesfaria.adv.br\/novo\/wp-json\/wp\/v2\/pages\/83\/revisions\/1418"}],"wp:attachment":[{"href":"https:\/\/rodriguesfaria.adv.br\/novo\/wp-json\/wp\/v2\/media?parent=83"}],"curies":[{"name":"wp","href":"https:\/\/api.w.org\/{rel}","templated":true}]}}