{"id":1561,"date":"2023-08-25T21:41:44","date_gmt":"2023-08-25T21:41:44","guid":{"rendered":"https:\/\/rodriguesfaria.adv.br\/novo\/?page_id=1561"},"modified":"2023-09-18T12:42:41","modified_gmt":"2023-09-18T12:42:41","slug":"noticias","status":"publish","type":"page","link":"https:\/\/rodriguesfaria.adv.br\/novo\/noticias\/","title":{"rendered":"Not\u00edcias"},"content":{"rendered":"\t\t<div data-elementor-type=\"wp-page\" data-elementor-id=\"1561\" class=\"elementor elementor-1561\">\n\t\t\t\t\t\t<section class=\"elementor-section elementor-top-section elementor-element elementor-element-5fdb148 elementor-section-boxed elementor-section-height-default elementor-section-height-default\" data-id=\"5fdb148\" data-element_type=\"section\">\n\t\t\t\t\t\t<div class=\"elementor-container elementor-column-gap-default\">\n\t\t\t\t\t<div class=\"elementor-column elementor-col-100 elementor-top-column elementor-element elementor-element-c1a911c\" data-id=\"c1a911c\" data-element_type=\"column\">\n\t\t\t<div class=\"elementor-widget-wrap elementor-element-populated\">\n\t\t\t\t\t\t<div class=\"elementor-element elementor-element-1d6be08 elementor-widget elementor-widget-avas-post-alter\" data-id=\"1d6be08\" data-element_type=\"widget\" data-widget_type=\"avas-post-alter.default\">\n\t\t\t\t<div class=\"elementor-widget-container\">\n\t\t\t\t\t            <div class=\"tx-post-alter-wrap\">\n\n                <div class=\"tx-post-alter-image-content\">\n                                            <div class=\"featured-thumb\">\n                            <img decoding=\"async\" src=\"https:\/\/rodriguesfaria.adv.br\/novo\/wp-content\/uploads\/2024\/11\/a4.png\" alt=\"Lei do superendividamento\">\n                        <\/div><!-- featured-thumb -->\n                                    <\/div><!-- tx-post-alter-image-content -->\n\n                                <div class=\"tx-post-alter-text-content\">\n                                            <h3 class=\"tx-post-alter-title\">\n                           <a href=\"https:\/\/rodriguesfaria.adv.br\/novo\/lei-do-superendividamento\/\" title=\"Lei do superendividamento\" rel=\"bookmark\">\n                            Lei do superendividamento                            <\/a>\n                        <\/h3>\n                    \n                                            <div class=\"entry-meta\">\n                                                                                                                <span class=\"post-views\"><i class=\"bi bi-eye\"><\/i> 667 <span>Views<\/span><\/span>                        <\/div>\n                    <!-- .entry-meta -->\n                                            <div class=\"tx-post-alter-desc\">A lei que foi sancionada em Julho\/2021 tem como objetivo prevenir o superendividamento da popula\u00e7\u00e3o Brasileira, visto que, segundo apura\u00e7\u00e3o, quase 80% das <\/div>\n                                                                <a class=\"tx-post-read-more\" href=\"https:\/\/rodriguesfaria.adv.br\/novo\/lei-do-superendividamento\/\">Leia mais<\/a>\n                                    <\/div><!-- tx-post-alter-text-content -->\n                \n            <\/div><!-- tx-post-alter-wrap -->\n                    <div class=\"tx-post-alter-wrap\">\n\n                <div class=\"tx-post-alter-image-content\">\n                                            <div class=\"featured-thumb\">\n                            <img decoding=\"async\" src=\"https:\/\/rodriguesfaria.adv.br\/novo\/wp-content\/uploads\/2024\/11\/a3.png\" alt=\"Inscri\u00e7\u00e3o Indevida no SPC e Serasa?\">\n                        <\/div><!-- featured-thumb -->\n                                    <\/div><!-- tx-post-alter-image-content -->\n\n                                <div class=\"tx-post-alter-text-content\">\n                                            <h3 class=\"tx-post-alter-title\">\n                           <a href=\"https:\/\/rodriguesfaria.adv.br\/novo\/inscricao-indevida-no-spc-e-serasa\/\" title=\"Inscri\u00e7\u00e3o Indevida no SPC e Serasa?\" rel=\"bookmark\">\n                            Inscri\u00e7\u00e3o Indevida no SPC e Serasa?                            <\/a>\n                        <\/h3>\n                    \n                                            <div class=\"entry-meta\">\n                                                                                                                <span class=\"post-views\"><i class=\"bi bi-eye\"><\/i> 551 <span>Views<\/span><\/span>                        <\/div>\n                    <!-- .entry-meta -->\n                                            <div class=\"tx-post-alter-desc\">Imagine ser um \u00f3timo pagador, ter todas as suas contas em dia e na tentativa de um cart\u00e3o de cr\u00e9dito, descobrir que n\u00e3o <\/div>\n                                                                <a class=\"tx-post-read-more\" href=\"https:\/\/rodriguesfaria.adv.br\/novo\/inscricao-indevida-no-spc-e-serasa\/\">Leia mais<\/a>\n                                    <\/div><!-- tx-post-alter-text-content -->\n                \n            <\/div><!-- tx-post-alter-wrap -->\n                    <div class=\"tx-post-alter-wrap\">\n\n                <div class=\"tx-post-alter-image-content\">\n                                            <div class=\"featured-thumb\">\n                            <img decoding=\"async\" src=\"https:\/\/rodriguesfaria.adv.br\/novo\/wp-content\/uploads\/2024\/11\/a5.png\" alt=\"Falha na presta\u00e7\u00e3o de servi\u00e7o de operadoras de telefone e internet\">\n                        <\/div><!-- featured-thumb -->\n                                    <\/div><!-- tx-post-alter-image-content -->\n\n                                <div class=\"tx-post-alter-text-content\">\n                                            <h3 class=\"tx-post-alter-title\">\n                           <a href=\"https:\/\/rodriguesfaria.adv.br\/novo\/falha-na-prestacao-de-servico-de-operadoras-de-telefone-e-internet\/\" title=\"Falha na presta\u00e7\u00e3o de servi\u00e7o de operadoras de telefone e internet\" rel=\"bookmark\">\n                            Falha na presta\u00e7\u00e3o de servi\u00e7o de operadoras de telefone e internet                            <\/a>\n                        <\/h3>\n                    \n                                            <div class=\"entry-meta\">\n                                                                                                                <span class=\"post-views\"><i class=\"bi bi-eye\"><\/i> 777 <span>Views<\/span><\/span>                        <\/div>\n                    <!-- .entry-meta -->\n                                            <div class=\"tx-post-alter-desc\">A falha na presta\u00e7\u00e3o de servi\u00e7o se caracteriza sempre que o prestador n\u00e3o cumpre com o contratado, seja em qualidade, quantidade, forma ou <\/div>\n                                                                <a class=\"tx-post-read-more\" href=\"https:\/\/rodriguesfaria.adv.br\/novo\/falha-na-prestacao-de-servico-de-operadoras-de-telefone-e-internet\/\">Leia mais<\/a>\n                                    <\/div><!-- tx-post-alter-text-content -->\n                \n            <\/div><!-- tx-post-alter-wrap -->\n                    <div class=\"tx-post-alter-wrap\">\n\n                <div class=\"tx-post-alter-image-content\">\n                                            <div class=\"featured-thumb\">\n                            <img decoding=\"async\" src=\"https:\/\/rodriguesfaria.adv.br\/novo\/wp-content\/uploads\/2023\/10\/6-500x430.png\" alt=\"3\u00aa Edi\u00e7\u00e3o Conex\u00e3o para Florescer: Uma Tarde de Inspira\u00e7\u00e3o e Conhecimento!\">\n                        <\/div><!-- featured-thumb -->\n                                    <\/div><!-- tx-post-alter-image-content -->\n\n                                <div class=\"tx-post-alter-text-content\">\n                                            <h3 class=\"tx-post-alter-title\">\n                           <a href=\"https:\/\/rodriguesfaria.adv.br\/novo\/3a-edicao-conexao-para-florescer-uma-tarde-de-inspiracao-e-conhecimento\/\" title=\"3\u00aa Edi\u00e7\u00e3o Conex\u00e3o para Florescer: Uma Tarde de Inspira\u00e7\u00e3o e Conhecimento!\" rel=\"bookmark\">\n                            3\u00aa Edi\u00e7\u00e3o Conex\u00e3o para Florescer: Uma Tarde de Inspira\u00e7\u00e3o e Conhecimento!                            <\/a>\n                        <\/h3>\n                    \n                                            <div class=\"entry-meta\">\n                                                                                                                <span class=\"post-views\"><i class=\"bi bi-eye\"><\/i> 404 <span>Views<\/span><\/span>                        <\/div>\n                    <!-- .entry-meta -->\n                                            <div class=\"tx-post-alter-desc\">\ud83c\udf38 3\u00aa Edi\u00e7\u00e3o Conex\u00e3o para Florescer: Uma Tarde de Inspira\u00e7\u00e3o e Conhecimento! No \u00faltimo s\u00e1bado, tive o privil\u00e9gio de participar pela terceira vez <\/div>\n                                                                <a class=\"tx-post-read-more\" href=\"https:\/\/rodriguesfaria.adv.br\/novo\/3a-edicao-conexao-para-florescer-uma-tarde-de-inspiracao-e-conhecimento\/\">Leia mais<\/a>\n                                    <\/div><!-- tx-post-alter-text-content -->\n                \n            <\/div><!-- tx-post-alter-wrap -->\n                    <div class=\"tx-post-alter-wrap\">\n\n                <div class=\"tx-post-alter-image-content\">\n                                            <div class=\"featured-thumb\">\n                            <img decoding=\"async\" src=\"https:\/\/rodriguesfaria.adv.br\/novo\/wp-content\/uploads\/2024\/10\/dr.jpg\" alt=\"Greve dos servidores do INSS desde Julho, afeta segurados.\">\n                        <\/div><!-- featured-thumb -->\n                                    <\/div><!-- tx-post-alter-image-content -->\n\n                                <div class=\"tx-post-alter-text-content\">\n                                            <h3 class=\"tx-post-alter-title\">\n                           <a href=\"https:\/\/rodriguesfaria.adv.br\/novo\/greve-dos-servidores-do-inss-desde-julho-afeta-segurados\/\" title=\"Greve dos servidores do INSS desde Julho, afeta segurados.\" rel=\"bookmark\">\n                            Greve dos servidores do INSS desde Julho, afeta segurados.                            <\/a>\n                        <\/h3>\n                    \n                                            <div class=\"entry-meta\">\n                                                                                                                <span class=\"post-views\"><i class=\"bi bi-eye\"><\/i> 455 <span>Views<\/span><\/span>                        <\/div>\n                    <!-- .entry-meta -->\n                                            <div class=\"tx-post-alter-desc\">Greve dos Servidores do INSS desde Julho: Como isso Afeta os Segurados? Desde o m\u00eas de julho, a greve dos servidores do INSS <\/div>\n                                                                <a class=\"tx-post-read-more\" href=\"https:\/\/rodriguesfaria.adv.br\/novo\/greve-dos-servidores-do-inss-desde-julho-afeta-segurados\/\">Leia mais<\/a>\n                                    <\/div><!-- tx-post-alter-text-content -->\n                \n            <\/div><!-- tx-post-alter-wrap -->\n                    <div class=\"tx-post-alter-wrap\">\n\n                <div class=\"tx-post-alter-image-content\">\n                                            <div class=\"featured-thumb\">\n                            <img decoding=\"async\" src=\"https:\/\/rodriguesfaria.adv.br\/novo\/wp-content\/uploads\/2024\/10\/rfr.png\" alt=\"Dia do Advogado &#8211; Homenagem Dr\u00ba Adriana Faria\">\n                        <\/div><!-- featured-thumb -->\n                                    <\/div><!-- tx-post-alter-image-content -->\n\n                                <div class=\"tx-post-alter-text-content\">\n                                            <h3 class=\"tx-post-alter-title\">\n                           <a href=\"https:\/\/rodriguesfaria.adv.br\/novo\/dia-do-advogado-homenagem-dro-adriana-faria\/\" title=\"Dia do Advogado &#8211; Homenagem Dr\u00ba Adriana Faria\" rel=\"bookmark\">\n                            Dia do Advogado &#8211; Homenagem Dr\u00ba Adriana Faria                            <\/a>\n                        <\/h3>\n                    \n                                            <div class=\"entry-meta\">\n                                                                                                                <span class=\"post-views\"><i class=\"bi bi-eye\"><\/i> 321 <span>Views<\/span><\/span>                        <\/div>\n                    <!-- .entry-meta -->\n                                            <div class=\"tx-post-alter-desc\">Acompanhe neste v\u00eddeo incr\u00edvel, uma bel\u00edssima homenagem ao Dia do Advogado.<\/div>\n                                                                <a class=\"tx-post-read-more\" href=\"https:\/\/rodriguesfaria.adv.br\/novo\/dia-do-advogado-homenagem-dro-adriana-faria\/\">Leia mais<\/a>\n                                    <\/div><!-- tx-post-alter-text-content -->\n                \n            <\/div><!-- tx-post-alter-wrap -->\n                \n            <div class=\"tx-clear\"><\/div>\n\n            <!-- pagination -->\n            <nav class='tx-pagination'><span aria-current=\"page\" class=\"page-numbers current\">1<\/span>\n<a class=\"page-numbers\" href=\"https:\/\/rodriguesfaria.adv.br\/novo\/wp-json\/wp\/v2\/pages\/1561\/page\/2\">2<\/a>\n<a class=\"page-numbers\" href=\"https:\/\/rodriguesfaria.adv.br\/novo\/wp-json\/wp\/v2\/pages\/1561\/page\/3\">3<\/a>\n<span class=\"page-numbers dots\">&hellip;<\/span>\n<a class=\"page-numbers\" href=\"https:\/\/rodriguesfaria.adv.br\/novo\/wp-json\/wp\/v2\/pages\/1561\/page\/40\">40<\/a>\n<a class=\"next page-numbers\" href=\"https:\/\/rodriguesfaria.adv.br\/novo\/wp-json\/wp\/v2\/pages\/1561\/page\/2\"><i class=\"bi bi-arrow-right\"><\/i><\/a><\/nav>\n\t\t\t\t<\/div>\n\t\t\t\t<\/div>\n\t\t\t\t\t<\/div>\n\t\t<\/div>\n\t\t\t\t\t<\/div>\n\t\t<\/section>\n\t\t\t\t<\/div>\n\t\t","protected":false},"excerpt":{"rendered":"<p class=\"tx-excerpt\">Acompanhe neste v\u00eddeo incr\u00edvel, uma bel\u00edssima homenagem ao Dia do Advogado.<\/p>","protected":false},"author":1,"featured_media":0,"parent":0,"menu_order":0,"comment_status":"closed","ping_status":"closed","template":"","meta":{"om_disable_all_campaigns":false,"_monsterinsights_skip_tracking":false,"_monsterinsights_sitenote_active":false,"_monsterinsights_sitenote_note":"","_monsterinsights_sitenote_category":0,"footnotes":""},"class_list":["post-1561","page","type-page","status-publish","hentry"],"aioseo_notices":[],"_links":{"self":[{"href":"https:\/\/rodriguesfaria.adv.br\/novo\/wp-json\/wp\/v2\/pages\/1561","targetHints":{"allow":["GET"]}}],"collection":[{"href":"https:\/\/rodriguesfaria.adv.br\/novo\/wp-json\/wp\/v2\/pages"}],"about":[{"href":"https:\/\/rodriguesfaria.adv.br\/novo\/wp-json\/wp\/v2\/types\/page"}],"author":[{"embeddable":true,"href":"https:\/\/rodriguesfaria.adv.br\/novo\/wp-json\/wp\/v2\/users\/1"}],"replies":[{"embeddable":true,"href":"https:\/\/rodriguesfaria.adv.br\/novo\/wp-json\/wp\/v2\/comments?post=1561"}],"version-history":[{"count":14,"href":"https:\/\/rodriguesfaria.adv.br\/novo\/wp-json\/wp\/v2\/pages\/1561\/revisions"}],"predecessor-version":[{"id":1893,"href":"https:\/\/rodriguesfaria.adv.br\/novo\/wp-json\/wp\/v2\/pages\/1561\/revisions\/1893"}],"wp:attachment":[{"href":"https:\/\/rodriguesfaria.adv.br\/novo\/wp-json\/wp\/v2\/media?parent=1561"}],"curies":[{"name":"wp","href":"https:\/\/api.w.org\/{rel}","templated":true}]}}